{"id":1897,"date":"2023-09-15T20:34:31","date_gmt":"2023-09-15T20:34:31","guid":{"rendered":"https:\/\/onlydry-b2b.de\/?page_id=1897"},"modified":"2024-01-26T12:29:06","modified_gmt":"2024-01-26T12:29:06","slug":"brennholz-in-1rm-palette","status":"publish","type":"page","link":"https:\/\/onlydry-b2b.de\/index.php\/brennholz-in-1rm-palette\/","title":{"rendered":"Brennholz in 1RM-Palette"},"content":{"rendered":"\t\t<div data-elementor-type=\"wp-page\" data-elementor-id=\"1897\" class=\"elementor elementor-1897\">\n\t\t\t\t\t\t\t<div class=\"elementor-element elementor-element-b3ff6be e-flex e-con-boxed e-con e-parent\" data-id=\"b3ff6be\" data-element_type=\"container\" data-settings=\"{&quot;content_width&quot;:&quot;boxed&quot;}\" data-core-v316-plus=\"true\">\n\t\t\t\t\t<div class=\"e-con-inner\">\n\t\t<div class=\"elementor-element elementor-element-f000d20 e-con-full e-flex e-con e-child\" data-id=\"f000d20\" data-element_type=\"container\" data-settings=\"{&quot;content_width&quot;:&quot;full&quot;}\">\n\t\t<div class=\"elementor-element elementor-element-478f31e e-flex e-con-boxed e-con e-child\" data-id=\"478f31e\" data-element_type=\"container\" data-settings=\"{&quot;content_width&quot;:&quot;boxed&quot;}\">\n\t\t\t\t\t<div class=\"e-con-inner\">\n\t\t<div class=\"elementor-element elementor-element-9062890 e-flex e-con-boxed e-con e-child\" data-id=\"9062890\" data-element_type=\"container\" data-settings=\"{&quot;content_width&quot;:&quot;boxed&quot;}\">\n\t\t\t\t\t<div class=\"e-con-inner\">\n\t\t\t\t<div class=\"elementor-element elementor-element-a6e7a22 elementor-widget elementor-widget-text-editor\" data-id=\"a6e7a22\" data-element_type=\"widget\" data-widget_type=\"text-editor.default\">\n\t\t\t\t<div class=\"elementor-widget-container\">\n\t\t\t<style>\/*! elementor - v3.16.0 - 17-10-2023 *\/\n.elementor-widget-text-editor.elementor-drop-cap-view-stacked .elementor-drop-cap{background-color:#69727d;color:#fff}.elementor-widget-text-editor.elementor-drop-cap-view-framed .elementor-drop-cap{color:#69727d;border:3px solid;background-color:transparent}.elementor-widget-text-editor:not(.elementor-drop-cap-view-default) .elementor-drop-cap{margin-top:8px}.elementor-widget-text-editor:not(.elementor-drop-cap-view-default) .elementor-drop-cap-letter{width:1em;height:1em}.elementor-widget-text-editor .elementor-drop-cap{float:left;text-align:center;line-height:1;font-size:50px}.elementor-widget-text-editor .elementor-drop-cap-letter{display:inline-block}<\/style>\t\t\t\t<h3 class=\"cvGsUA direction-ltr align-start para-style-body\">Brennholz in 1RM-Palette<\/h3>\t\t\t\t\t\t<\/div>\n\t\t\t\t<\/div>\n\t\t\t\t\t<\/div>\n\t\t\t\t<\/div>\n\t\t\t\t<div class=\"elementor-element elementor-element-7a071e2 elementor-widget elementor-widget-image\" data-id=\"7a071e2\" data-element_type=\"widget\" data-widget_type=\"image.default\">\n\t\t\t\t<div class=\"elementor-widget-container\">\n\t\t\t<style>\/*! elementor - v3.16.0 - 17-10-2023 *\/\n.elementor-widget-image{text-align:center}.elementor-widget-image a{display:inline-block}.elementor-widget-image a img[src$=\".svg\"]{width:48px}.elementor-widget-image img{vertical-align:middle;display:inline-block}<\/style>\t\t\t\t\t\t\t\t\t\t\t\t<img decoding=\"async\" loading=\"lazy\" width=\"1024\" height=\"960\" src=\"https:\/\/onlydry-b2b.de\/wp-content\/uploads\/2023\/09\/Eiche-1-1-1024x960.png\" class=\"attachment-large size-large wp-image-1722\" alt=\"\" srcset=\"https:\/\/onlydry-b2b.de\/wp-content\/uploads\/2023\/09\/Eiche-1-1-1024x960.png 1024w, https:\/\/onlydry-b2b.de\/wp-content\/uploads\/2023\/09\/Eiche-1-1-300x281.png 300w, https:\/\/onlydry-b2b.de\/wp-content\/uploads\/2023\/09\/Eiche-1-1-768x720.png 768w, https:\/\/onlydry-b2b.de\/wp-content\/uploads\/2023\/09\/Eiche-1-1.png 1280w\" sizes=\"(max-width: 1024px) 100vw, 1024px\" \/>\t\t\t\t\t\t\t\t\t\t\t\t\t\t\t<\/div>\n\t\t\t\t<\/div>\n\t\t\t\t\t<\/div>\n\t\t\t\t<\/div>\n\t\t<div class=\"elementor-element elementor-element-1814a42 e-flex e-con-boxed e-con e-child\" data-id=\"1814a42\" data-element_type=\"container\" data-settings=\"{&quot;content_width&quot;:&quot;boxed&quot;}\">\n\t\t\t\t\t<div class=\"e-con-inner\">\n\t\t\t\t<div class=\"elementor-element elementor-element-f3fac5c elementor-widget elementor-widget-text-editor\" data-id=\"f3fac5c\" data-element_type=\"widget\" data-widget_type=\"text-editor.default\">\n\t\t\t\t<div class=\"elementor-widget-container\">\n\t\t\t\t\t\t\t<p class=\"cvGsUA direction-ltr align-start para-style-body\">Mindestbestellmenge:\u00a0<strong>32 St\u00fcck<\/strong><\/p>\t\t\t\t\t\t<\/div>\n\t\t\t\t<\/div>\n\t\t\t\t<div class=\"elementor-element elementor-element-2ff6716 elementor-widget elementor-widget-text-editor\" data-id=\"2ff6716\" data-element_type=\"widget\" data-widget_type=\"text-editor.default\">\n\t\t\t\t<div class=\"elementor-widget-container\">\n\t\t\t\t\t\t\t<p class=\"cvGsUA direction-ltr align-start para-style-body\"><span class=\"OYPEnA text-decoration-none text-strikethrough-none\">M\u00f6gliche Brennholzarten: Birke, Eiche, Esche, Erle, Hartholz Mix, Weichholz Mix.<\/span><\/p><p class=\"cvGsUA direction-ltr align-start para-style-body\">Kapazit\u00e4t: <strong>1 RM<\/strong><br \/>Restfeuchte: <strong>&lt;18%, kammergetrocknet<\/strong><br \/>Verpackungseinheiten pro Palette: <strong>1<\/strong><br \/>Scheitl\u00e4nge: <strong>23-25 cm<\/strong><br \/>Durchmesser: <strong>6-15 cm<\/strong><\/p><p>\u00a0<\/p><p class=\"cvGsUA direction-ltr align-start para-style-body\">Lieferzeit <strong>6 Werktage<\/strong> (Produktionsdauer: 3 Werktage, Versandzeit: 3 Werktage).<\/p><p>\u00a0<\/p><p><em>Lieferung an ein Zentrallager oder an separate Abladestellen m\u00f6glich.<\/em><\/p><p>\u00a0<\/p>\t\t\t\t\t\t<\/div>\n\t\t\t\t<\/div>\n\t\t\t\t\t<\/div>\n\t\t\t\t<\/div>\n\t\t<div class=\"elementor-element elementor-element-81c6aa6 e-flex e-con-boxed e-con e-child\" data-id=\"81c6aa6\" data-element_type=\"container\" data-settings=\"{&quot;content_width&quot;:&quot;boxed&quot;}\">\n\t\t\t\t\t<div class=\"e-con-inner\">\n\t\t\t\t<div class=\"elementor-element elementor-element-ced359f elementor-widget elementor-widget-image\" data-id=\"ced359f\" data-element_type=\"widget\" data-widget_type=\"image.default\">\n\t\t\t\t<div class=\"elementor-widget-container\">\n\t\t\t\t\t\t\t\t\t\t\t\t\t\t\t<img decoding=\"async\" loading=\"lazy\" width=\"629\" height=\"147\" src=\"https:\/\/onlydry-b2b.de\/wp-content\/uploads\/2023\/09\/Capture.jpg\" class=\"attachment-large size-large wp-image-1817\" alt=\"\" srcset=\"https:\/\/onlydry-b2b.de\/wp-content\/uploads\/2023\/09\/Capture.jpg 629w, https:\/\/onlydry-b2b.de\/wp-content\/uploads\/2023\/09\/Capture-300x70.jpg 300w\" sizes=\"(max-width: 629px) 100vw, 629px\" \/>\t\t\t\t\t\t\t\t\t\t\t\t\t\t\t<\/div>\n\t\t\t\t<\/div>\n\t\t\t\t\t<\/div>\n\t\t\t\t<\/div>\n\t\t\t\t<\/div>\n\t\t<div class=\"elementor-element elementor-element-418b453 e-con-full e-flex e-con e-child\" data-id=\"418b453\" data-element_type=\"container\" data-settings=\"{&quot;content_width&quot;:&quot;full&quot;}\">\n\t\t\t\t<div class=\"elementor-element elementor-element-b64f922 elementor-widget elementor-widget-shortcode\" data-id=\"b64f922\" data-element_type=\"widget\" data-widget_type=\"shortcode.default\">\n\t\t\t\t<div class=\"elementor-widget-container\">\n\t\t\t\t\t<div class=\"elementor-shortcode\"><div class=\"forminator-ui forminator-custom-form forminator-custom-form-2175 forminator-design--default  forminator_ajax\" data-forminator-render=\"0\" data-form=\"forminator-module-2175\" data-uid=\"69f271c4705f8\"><br\/><\/div><form\n\t\t\t\tid=\"forminator-module-2175\"\n\t\t\t\tclass=\"forminator-ui forminator-custom-form forminator-custom-form-2175 forminator-design--default  forminator_ajax\"\n\t\t\t\tmethod=\"post\"\n\t\t\t\tdata-forminator-render=\"0\"\n\t\t\t\tdata-form-id=\"2175\"\n\t\t\t\t\n\t\t\t\tdata-design=\"default\"\n\t\t\t\t\n\t\t\t\t\n\t\t\t\t\n\t\t\t\tdata-grid=\"open\"\n\t\t\t\t\n\t\t\t\t\n\t\t\t\tstyle=\"display: none;\"\n\t\t\t\t\n\t\t\t\tdata-uid=\"69f271c4705f8\"\n\t\t\t><div role=\"alert\" aria-live=\"polite\" class=\"forminator-response-message forminator-error\" aria-hidden=\"true\"><\/div><div class=\"forminator-row\"><div id=\"text-1\" class=\"forminator-field-text forminator-col forminator-col-12 \"><div class=\"forminator-field\"><label for=\"forminator-field-text-1_69f271c4705f8\" class=\"forminator-label\" id=\"forminator-field-text-1_69f271c4705f8-label\">St\u00fcckzahl eingeben<\/label><input type=\"text\" name=\"text-1\" value=\"\" placeholder=\"Verpackungseinheiten\" id=\"forminator-field-text-1_69f271c4705f8\" class=\"forminator-input forminator-name--field\" data-required=\"\" \/><\/div><\/div><\/div><div class=\"forminator-row\"><div id=\"text-2\" class=\"forminator-field-text forminator-col forminator-col-12 \"><div class=\"forminator-field\"><label for=\"forminator-field-text-2_69f271c4705f8\" class=\"forminator-label\" id=\"forminator-field-text-2_69f271c4705f8-label\">Postleitzahl eingeben<\/label><input type=\"text\" name=\"text-2\" value=\"\" placeholder=\"PLZ\" id=\"forminator-field-text-2_69f271c4705f8\" class=\"forminator-input forminator-name--field\" data-required=\"\" \/><\/div><\/div><\/div><div class=\"forminator-row\"><div id=\"checkbox-1\" class=\"forminator-field-checkbox forminator-col forminator-col-12 \"><div role=\"group\" class=\"forminator-field\" aria-labelledby=\"forminator-checkbox-group-69f271c4705f8-label\"><h4 id=\"forminator-checkbox-group-69f271c4705f8-label\" class=\"forminator-label\">Umsatzsteuerzahler<\/h4><label id=\"forminator-field-checkbox-1-1-69f271c4705f8-label\" for=\"forminator-field-checkbox-1-1-69f271c4705f8\" class=\"forminator-checkbox\" title=\"JA\"><input type=\"checkbox\" name=\"checkbox-1[]\" value=\"one\" id=\"forminator-field-checkbox-1-1-69f271c4705f8\" aria-labelledby=\"forminator-field-checkbox-1-1-69f271c4705f8-label\" data-calculation=\"0\"   data-hidden-behavior=\"zero\" aria-describedby=\"forminator-field-checkbox-1-69f271c4705f8-description\"\/><span class=\"forminator-checkbox-box\" aria-hidden=\"true\"><\/span><span class=\"forminator-checkbox-label\">JA<\/span><\/label><label id=\"forminator-field-checkbox-1-2-69f271c4705f8-label\" for=\"forminator-field-checkbox-1-2-69f271c4705f8\" class=\"forminator-checkbox\" title=\"NEIN\"><input type=\"checkbox\" name=\"checkbox-1[]\" value=\"two\" id=\"forminator-field-checkbox-1-2-69f271c4705f8\" aria-labelledby=\"forminator-field-checkbox-1-2-69f271c4705f8-label\" data-calculation=\"0\"   data-hidden-behavior=\"zero\" aria-describedby=\"forminator-field-checkbox-1-69f271c4705f8-description\"\/><span class=\"forminator-checkbox-box\" aria-hidden=\"true\"><\/span><span class=\"forminator-checkbox-label\">NEIN<\/span><\/label><\/div><\/div><\/div><div class=\"forminator-row\"><div id=\"name-1\" class=\"forminator-field-name forminator-col forminator-col-12 \"><div class=\"forminator-field\"><label for=\"forminator-field-name-1_69f271c4705f8\" class=\"forminator-label\" id=\"forminator-field-name-1_69f271c4705f8-label\">Ihr Name und Nachname<\/label><input type=\"text\" name=\"name-1\" value=\"\" placeholder=\"Ihr Name und Nachname\" id=\"forminator-field-name-1_69f271c4705f8\" class=\"forminator-input forminator-name--field\" aria-required=\"false\" \/><\/div><\/div><\/div><div class=\"forminator-row\"><div id=\"name-2\" class=\"forminator-field-name forminator-col forminator-col-12 \"><div class=\"forminator-field\"><label for=\"forminator-field-name-2_69f271c4705f8\" class=\"forminator-label\" id=\"forminator-field-name-2_69f271c4705f8-label\">Unternehmen<\/label><input type=\"text\" name=\"name-2\" value=\"\" placeholder=\"Unternehmen\" id=\"forminator-field-name-2_69f271c4705f8\" class=\"forminator-input forminator-name--field\" aria-required=\"false\" \/><\/div><\/div><\/div><div class=\"forminator-row\"><div id=\"phone-1\" class=\"forminator-field-phone forminator-col forminator-col-12 \"><div class=\"forminator-field\"><label for=\"forminator-field-phone-1_69f271c4705f8\" class=\"forminator-label\" id=\"forminator-field-phone-1_69f271c4705f8-label\">Telefon<\/label><input type=\"text\" name=\"phone-1\" value=\"\" placeholder=\"Telefon\" id=\"forminator-field-phone-1_69f271c4705f8\" class=\"forminator-input forminator-field--phone\" data-required=\"\" aria-required=\"false\" autocomplete=\"off\" \/><\/div><\/div><\/div><div class=\"forminator-row\"><div id=\"email-1\" class=\"forminator-field-email forminator-col forminator-col-12 \"><div class=\"forminator-field\"><label for=\"forminator-field-email-1_69f271c4705f8\" class=\"forminator-label\" id=\"forminator-field-email-1_69f271c4705f8-label\">Ihre E-Mail-Adresse <span class=\"forminator-required\">*<\/span><\/label><input type=\"email\" name=\"email-1\" value=\"\" placeholder=\"beispiel@onlydry.de\" id=\"forminator-field-email-1_69f271c4705f8\" class=\"forminator-input forminator-email--field\" data-required=\"true\" aria-required=\"true\" \/><\/div><\/div><\/div><div class=\"forminator-row\"><div id=\"textarea-1\" class=\"forminator-field-textarea forminator-col forminator-col-12 \"><div class=\"forminator-field\"><label for=\"forminator-field-textarea-1_69f271c4705f8\" id=\"forminator-field-textarea-1_69f271c4705f8-label\" class=\"forminator-label\">zus\u00e4tzliche Informationen<\/label><textarea name=\"textarea-1\" placeholder=\"zus\u00e4tzliche Informationen\" id=\"forminator-field-textarea-1_69f271c4705f8\" class=\"forminator-textarea\" rows=\"6\" style=\"min-height:140px;\" ><\/textarea><\/div><\/div><\/div><div class=\"forminator-row\"><div id=\"captcha-1\" class=\"forminator-field-captcha forminator-col forminator-col-12 \"><div class=\"forminator-g-recaptcha\" data-theme=\"light\"  data-sitekey=\"6LcQZooqAAAAAPFwvpyn2ePhk2rWnzR-dfSLqTLz\" data-size=\"normal\"><\/div> <\/div><\/div><input type=\"hidden\" name=\"referer_url\" value=\"\" \/><div class=\"forminator-row forminator-row-last\"><div class=\"forminator-col\"><div class=\"forminator-field\"><button class=\"forminator-button forminator-button-submit\">Anfrage senden<\/button><\/div><\/div><\/div><input type=\"hidden\" id=\"forminator_nonce\" name=\"forminator_nonce\" value=\"1df5f42371\" \/><input type=\"hidden\" name=\"_wp_http_referer\" value=\"\/index.php\/wp-json\/wp\/v2\/pages\/1897\" \/><input type=\"hidden\" name=\"form_id\" value=\"2175\"><input type=\"hidden\" name=\"page_id\" value=\"1897\"><input type=\"hidden\" name=\"form_type\" value=\"default\"><input type=\"hidden\" name=\"current_url\" value=\"https:\/\/onlydry-b2b.de\/index.php\/brennholz-in-1rm-palette\/\"><input type=\"hidden\" name=\"render_id\" value=\"0\"><input type=\"hidden\" name=\"action\" value=\"forminator_submit_form_custom-forms\"><label for=\"input_9\" class=\"forminator-hidden\" aria-hidden=\"true\">Please do not fill in this field. <input id=\"input_9\" type=\"text\" name=\"input_9\" value=\"\" autocomplete=\"off\"><\/label><\/form><\/div>\n\t\t\t\t<\/div>\n\t\t\t\t<\/div>\n\t\t\t\t<\/div>\n\t\t\t\t\t<\/div>\n\t\t\t\t<\/div>\n\t\t\t\t\t\t\t<\/div>\n\t\t","protected":false},"excerpt":{"rendered":"<p>Brennholz in 1RM-Palette Mindestbestellmenge:\u00a032 St\u00fcck M\u00f6gliche Brennholzarten: Birke, Eiche, Esche, Erle, Hartholz Mix, Weichholz Mix. Kapazit\u00e4t: 1 RMRestfeuchte: &lt;18%, kammergetrocknetVerpackungseinheiten pro Palette: 1Scheitl\u00e4nge: 23-25 cmDurchmesser: 6-15 cm \u00a0 Lieferzeit 6 Werktage (Produktionsdauer: 3 Werktage, Versandzeit: 3 Werktage). \u00a0 Lieferung an ein Zentrallager oder an separate Abladestellen m\u00f6glich. \u00a0<\/p>\n","protected":false},"author":1,"featured_media":0,"parent":0,"menu_order":0,"comment_status":"closed","ping_status":"closed","template":"","meta":{"site-sidebar-layout":"no-sidebar","site-content-layout":"page-builder","ast-site-content-layout":"full-width-container","site-content-style":"default","site-sidebar-style":"default","ast-global-header-display":"","ast-banner-title-visibility":"","ast-main-header-display":"","ast-hfb-above-header-display":"","ast-hfb-below-header-display":"","ast-hfb-mobile-header-display":"","site-post-title":"disabled","ast-breadcrumbs-content":"","ast-featured-img":"disabled","footer-sml-layout":"","theme-transparent-header-meta":"","adv-header-id-meta":"","stick-header-meta":"","header-above-stick-meta":"","header-main-stick-meta":"","header-below-stick-meta":"","astra-migrate-meta-layouts":"set","footnotes":""},"_links":{"self":[{"href":"https:\/\/onlydry-b2b.de\/index.php\/wp-json\/wp\/v2\/pages\/1897"}],"collection":[{"href":"https:\/\/onlydry-b2b.de\/index.php\/wp-json\/wp\/v2\/pages"}],"about":[{"href":"https:\/\/onlydry-b2b.de\/index.php\/wp-json\/wp\/v2\/types\/page"}],"author":[{"embeddable":true,"href":"https:\/\/onlydry-b2b.de\/index.php\/wp-json\/wp\/v2\/users\/1"}],"replies":[{"embeddable":true,"href":"https:\/\/onlydry-b2b.de\/index.php\/wp-json\/wp\/v2\/comments?post=1897"}],"version-history":[{"count":13,"href":"https:\/\/onlydry-b2b.de\/index.php\/wp-json\/wp\/v2\/pages\/1897\/revisions"}],"predecessor-version":[{"id":2705,"href":"https:\/\/onlydry-b2b.de\/index.php\/wp-json\/wp\/v2\/pages\/1897\/revisions\/2705"}],"wp:attachment":[{"href":"https:\/\/onlydry-b2b.de\/index.php\/wp-json\/wp\/v2\/media?parent=1897"}],"curies":[{"name":"wp","href":"https:\/\/api.w.org\/{rel}","templated":true}]}}